{"id":5349,"date":"2020-07-02T09:03:12","date_gmt":"2020-07-02T09:03:12","guid":{"rendered":"https:\/\/greengoproducts.com\/product\/aansteker\/"},"modified":"2021-02-08T11:15:10","modified_gmt":"2021-02-08T10:15:10","slug":"mechero","status":"publish","type":"product","link":"https:\/\/greengoproducts.com\/es\/product\/mechero\/","title":{"rendered":"Greengo Mechero"},"content":{"rendered":"","protected":false},"excerpt":{"rendered":"<p>La hierba se prende, por supuesto, con un mechero Greengo real. El encendedor electr\u00f3nico tiene una llama suave y encaja perfectamente con el resto de la parafernalia Greengo, ya que tiene el mismo dise\u00f1o caracter\u00edstico de la marca. Muy atractivo, \u00bfverdad?<\/p>\n<p><strong>Especificaciones:<\/strong><\/p>\n<ul>\n<li>Color: dise\u00f1o greengo<\/li>\n<li>Numero: 1<\/li>\n<li>Llama: llama suave<\/li>\n<li>No recargable<\/li>\n<\/ul>\n<div class=\"gdlr-core-button-item gdlr-core-item-pdlr gdlr-core-item-pdb gdlr-core-left-align\"><a class=\"gdlr-core-button gdlr-core-button-solid gdlr-core-left-align gdlr-core-button-with-border\" style=\"font-size: 13px; font-weight: 600; letter-spacing: 1px; color: #ffffff; padding: 12px 30px 13px 30px; text-transform: uppercase; border-width: 2px; border-color: #f09a52;\" href=\"https:\/\/greengoproducts.com\/es\/punto-de-venta\/\" target=\"_blank\" rel=\"noopener noreferrer\"><span class=\"gdlr-core-content\">Comprar en linea<\/span><\/a><\/div>\n","protected":false},"featured_media":3760,"template":"","meta":{"content-type":""},"product_brand":[],"product_cat":[356],"product_tag":[357,358],"class_list":{"0":"post-5349","1":"product","2":"type-product","3":"status-publish","4":"has-post-thumbnail","6":"product_cat-accesorios-para-fumar","7":"product_tag-aansteker-es","8":"product_tag-lighter-es","10":"first","11":"instock","12":"featured","13":"shipping-taxable","14":"product-type-simple"},"yoast_head":"<!-- This site is optimized with the Yoast SEO plugin v26.9 - https:\/\/yoast.com\/product\/yoast-seo-wordpress\/ -->\n<title>Greengo Mechero - Greengo<\/title>\n<meta name=\"robots\" content=\"index, follow, max-snippet:-1, max-image-preview:large, max-video-preview:-1\" \/>\n<link rel=\"canonical\" href=\"https:\/\/greengoproducts.com\/es\/product\/mechero\/\" \/>\n<meta property=\"og:locale\" content=\"es_ES\" \/>\n<meta property=\"og:type\" content=\"article\" \/>\n<meta property=\"og:title\" content=\"Greengo Mechero - Greengo\" \/>\n<meta property=\"og:description\" content=\"La hierba se prende, por supuesto, con un mechero Greengo real. El encendedor electr\u00f3nico tiene una llama suave y encaja perfectamente con el resto de la parafernalia Greengo, ya que tiene el mismo dise\u00f1o caracter\u00edstico de la marca. Muy atractivo, \u00bfverdad?  Especificaciones:   Color: dise\u00f1o greengo  Numero: 1  Llama: llama suave  No recargable  Comprar en linea\" \/>\n<meta property=\"og:url\" content=\"https:\/\/greengoproducts.com\/es\/product\/mechero\/\" \/>\n<meta property=\"og:site_name\" content=\"Greengo\" \/>\n<meta property=\"article:modified_time\" content=\"2021-02-08T10:15:10+00:00\" \/>\n<meta property=\"og:image\" content=\"https:\/\/greengoproducts.com\/wp-content\/uploads\/2020\/07\/514987_GreengoLighters_2017_Click_Detail.jpg\" \/>\n\t<meta property=\"og:image:width\" content=\"1200\" \/>\n\t<meta property=\"og:image:height\" content=\"1200\" \/>\n\t<meta property=\"og:image:type\" content=\"image\/jpeg\" \/>\n<meta name=\"twitter:card\" content=\"summary_large_image\" \/>\n<script type=\"application\/ld+json\" class=\"yoast-schema-graph\">{\"@context\":\"https:\/\/schema.org\",\"@graph\":[{\"@type\":\"WebPage\",\"@id\":\"https:\/\/greengoproducts.com\/es\/product\/mechero\/\",\"url\":\"https:\/\/greengoproducts.com\/es\/product\/mechero\/\",\"name\":\"Greengo Mechero - Greengo\",\"isPartOf\":{\"@id\":\"https:\/\/greengoproducts.com\/en_CA\/#website\"},\"primaryImageOfPage\":{\"@id\":\"https:\/\/greengoproducts.com\/es\/product\/mechero\/#primaryimage\"},\"image\":{\"@id\":\"https:\/\/greengoproducts.com\/es\/product\/mechero\/#primaryimage\"},\"thumbnailUrl\":\"https:\/\/greengoproducts.com\/wp-content\/uploads\/2020\/07\/514987_GreengoLighters_2017_Click_Detail.jpg\",\"datePublished\":\"2020-07-02T09:03:12+00:00\",\"dateModified\":\"2021-02-08T10:15:10+00:00\",\"breadcrumb\":{\"@id\":\"https:\/\/greengoproducts.com\/es\/product\/mechero\/#breadcrumb\"},\"inLanguage\":\"es\",\"potentialAction\":[{\"@type\":\"ReadAction\",\"target\":[\"https:\/\/greengoproducts.com\/es\/product\/mechero\/\"]}]},{\"@type\":\"ImageObject\",\"inLanguage\":\"es\",\"@id\":\"https:\/\/greengoproducts.com\/es\/product\/mechero\/#primaryimage\",\"url\":\"https:\/\/greengoproducts.com\/wp-content\/uploads\/2020\/07\/514987_GreengoLighters_2017_Click_Detail.jpg\",\"contentUrl\":\"https:\/\/greengoproducts.com\/wp-content\/uploads\/2020\/07\/514987_GreengoLighters_2017_Click_Detail.jpg\",\"width\":1200,\"height\":1200},{\"@type\":\"BreadcrumbList\",\"@id\":\"https:\/\/greengoproducts.com\/es\/product\/mechero\/#breadcrumb\",\"itemListElement\":[{\"@type\":\"ListItem\",\"position\":1,\"name\":\"Home\",\"item\":\"https:\/\/greengoproducts.com\/es\/\"},{\"@type\":\"ListItem\",\"position\":2,\"name\":\"Producten\",\"item\":\"https:\/\/greengoproducts.com\/nl\/shop\/\"},{\"@type\":\"ListItem\",\"position\":3,\"name\":\"Greengo Mechero\"}]},{\"@type\":\"WebSite\",\"@id\":\"https:\/\/greengoproducts.com\/en_CA\/#website\",\"url\":\"https:\/\/greengoproducts.com\/en_CA\/\",\"name\":\"Greengo\",\"description\":\"100% pure and natural smoking gear\",\"potentialAction\":[{\"@type\":\"SearchAction\",\"target\":{\"@type\":\"EntryPoint\",\"urlTemplate\":\"https:\/\/greengoproducts.com\/en_CA\/?s={search_term_string}\"},\"query-input\":{\"@type\":\"PropertyValueSpecification\",\"valueRequired\":true,\"valueName\":\"search_term_string\"}}],\"inLanguage\":\"es\"}]}<\/script>\n<!-- \/ Yoast SEO plugin. -->","yoast_head_json":{"title":"Greengo Mechero - Greengo","robots":{"index":"index","follow":"follow","max-snippet":"max-snippet:-1","max-image-preview":"max-image-preview:large","max-video-preview":"max-video-preview:-1"},"canonical":"https:\/\/greengoproducts.com\/es\/product\/mechero\/","og_locale":"es_ES","og_type":"article","og_title":"Greengo Mechero - Greengo","og_description":"La hierba se prende, por supuesto, con un mechero Greengo real. El encendedor electr\u00f3nico tiene una llama suave y encaja perfectamente con el resto de la parafernalia Greengo, ya que tiene el mismo dise\u00f1o caracter\u00edstico de la marca. Muy atractivo, \u00bfverdad?  Especificaciones:   Color: dise\u00f1o greengo  Numero: 1  Llama: llama suave  No recargable  Comprar en linea","og_url":"https:\/\/greengoproducts.com\/es\/product\/mechero\/","og_site_name":"Greengo","article_modified_time":"2021-02-08T10:15:10+00:00","og_image":[{"width":1200,"height":1200,"url":"https:\/\/greengoproducts.com\/wp-content\/uploads\/2020\/07\/514987_GreengoLighters_2017_Click_Detail.jpg","type":"image\/jpeg"}],"twitter_card":"summary_large_image","schema":{"@context":"https:\/\/schema.org","@graph":[{"@type":"WebPage","@id":"https:\/\/greengoproducts.com\/es\/product\/mechero\/","url":"https:\/\/greengoproducts.com\/es\/product\/mechero\/","name":"Greengo Mechero - Greengo","isPartOf":{"@id":"https:\/\/greengoproducts.com\/en_CA\/#website"},"primaryImageOfPage":{"@id":"https:\/\/greengoproducts.com\/es\/product\/mechero\/#primaryimage"},"image":{"@id":"https:\/\/greengoproducts.com\/es\/product\/mechero\/#primaryimage"},"thumbnailUrl":"https:\/\/greengoproducts.com\/wp-content\/uploads\/2020\/07\/514987_GreengoLighters_2017_Click_Detail.jpg","datePublished":"2020-07-02T09:03:12+00:00","dateModified":"2021-02-08T10:15:10+00:00","breadcrumb":{"@id":"https:\/\/greengoproducts.com\/es\/product\/mechero\/#breadcrumb"},"inLanguage":"es","potentialAction":[{"@type":"ReadAction","target":["https:\/\/greengoproducts.com\/es\/product\/mechero\/"]}]},{"@type":"ImageObject","inLanguage":"es","@id":"https:\/\/greengoproducts.com\/es\/product\/mechero\/#primaryimage","url":"https:\/\/greengoproducts.com\/wp-content\/uploads\/2020\/07\/514987_GreengoLighters_2017_Click_Detail.jpg","contentUrl":"https:\/\/greengoproducts.com\/wp-content\/uploads\/2020\/07\/514987_GreengoLighters_2017_Click_Detail.jpg","width":1200,"height":1200},{"@type":"BreadcrumbList","@id":"https:\/\/greengoproducts.com\/es\/product\/mechero\/#breadcrumb","itemListElement":[{"@type":"ListItem","position":1,"name":"Home","item":"https:\/\/greengoproducts.com\/es\/"},{"@type":"ListItem","position":2,"name":"Producten","item":"https:\/\/greengoproducts.com\/nl\/shop\/"},{"@type":"ListItem","position":3,"name":"Greengo Mechero"}]},{"@type":"WebSite","@id":"https:\/\/greengoproducts.com\/en_CA\/#website","url":"https:\/\/greengoproducts.com\/en_CA\/","name":"Greengo","description":"100% pure and natural smoking gear","potentialAction":[{"@type":"SearchAction","target":{"@type":"EntryPoint","urlTemplate":"https:\/\/greengoproducts.com\/en_CA\/?s={search_term_string}"},"query-input":{"@type":"PropertyValueSpecification","valueRequired":true,"valueName":"search_term_string"}}],"inLanguage":"es"}]}},"jetpack_sharing_enabled":true,"_links":{"self":[{"href":"https:\/\/greengoproducts.com\/es\/wp-json\/wp\/v2\/product\/5349","targetHints":{"allow":["GET"]}}],"collection":[{"href":"https:\/\/greengoproducts.com\/es\/wp-json\/wp\/v2\/product"}],"about":[{"href":"https:\/\/greengoproducts.com\/es\/wp-json\/wp\/v2\/types\/product"}],"wp:featuredmedia":[{"embeddable":true,"href":"https:\/\/greengoproducts.com\/es\/wp-json\/wp\/v2\/media\/3760"}],"wp:attachment":[{"href":"https:\/\/greengoproducts.com\/es\/wp-json\/wp\/v2\/media?parent=5349"}],"wp:term":[{"taxonomy":"product_brand","embeddable":true,"href":"https:\/\/greengoproducts.com\/es\/wp-json\/wp\/v2\/product_brand?post=5349"},{"taxonomy":"product_cat","embeddable":true,"href":"https:\/\/greengoproducts.com\/es\/wp-json\/wp\/v2\/product_cat?post=5349"},{"taxonomy":"product_tag","embeddable":true,"href":"https:\/\/greengoproducts.com\/es\/wp-json\/wp\/v2\/product_tag?post=5349"}],"curies":[{"name":"wp","href":"https:\/\/api.w.org\/{rel}","templated":true}]}}