{"id":5420,"date":"2020-06-25T12:48:01","date_gmt":"2020-06-25T12:48:01","guid":{"rendered":"https:\/\/greengoproducts.com\/product\/1-1-4-300s-rolling-papers\/"},"modified":"2021-02-08T11:21:07","modified_gmt":"2021-02-08T10:21:07","slug":"300-papeles-de-liar-1-1-4","status":"publish","type":"product","link":"https:\/\/greengoproducts.com\/es\/product\/300-papeles-de-liar-1-1-4\/","title":{"rendered":"300 Papeles de liar 1 1\/4"},"content":{"rendered":"","protected":false},"excerpt":{"rendered":"<p>Papeles de liar para amantes del tama\u00f1o mediano. Los papeles Greengo 1 \u00bc son un poco m\u00e1s largos que los papeles para fumar tabaco y son muy populares en Espa\u00f1a y Estados Unidos.\u00a0Los papeles de liar en nuestro paquete de 300 se amoldean perfectamente en cada librillo. Esto asegura una experiencia suave y sin pliegues al momento de enrollar.\u00a0Como es de esperar de Greengo, los papeles de liar son 100% naturales y sin blanquear. El empaque de papel est\u00e1 aprobado por FSC. El borde adhesivo est\u00e1 hecho 100% de goma ar\u00e1biga, la mejor y m\u00e1s natural forma de pegar tus papelillos.<\/p>\n<p><strong>Especificaciones:<\/strong><\/p>\n<ul>\n<li>Dimensiones de los papeles de liar: 78 x 44 mm (1 \u00bc\u00a0 mediano)<\/li>\n<li>Espesor de los papeles de liar: 14 gr \/ m2<\/li>\n<li>Librillos por caja: 40<\/li>\n<li>N\u00famero de papeles por librillo: 300<\/li>\n<\/ul>\n<p><img decoding=\"async\" class=\"alignnone size-medium wp-image-3791\" src=\"https:\/\/greengoproducts.com\/wp-content\/uploads\/2020\/06\/greengo-100-procent-unbleached.svg\" alt=\"\" width=\"70\" height=\"70\" \/><img decoding=\"async\" class=\"alignnone size-medium wp-image-3791\" src=\"https:\/\/greengoproducts.com\/wp-content\/uploads\/2020\/06\/greengo-fsc.svg\" alt=\"\" width=\"70\" height=\"70\" \/><img decoding=\"async\" class=\"alignnone size-medium wp-image-3791\" src=\"https:\/\/greengoproducts.com\/wp-content\/uploads\/2020\/06\/greengo-chemical-free.svg\" alt=\"\" width=\"70\" height=\"70\" \/><img decoding=\"async\" class=\"alignnone size-medium wp-image-3791\" src=\"https:\/\/greengoproducts.com\/wp-content\/uploads\/2020\/06\/greengo-100-procent-arabic-gum.svg\" alt=\"\" width=\"70\" height=\"70\" \/><img decoding=\"async\" class=\"alignnone size-medium wp-image-3791\" src=\"https:\/\/greengoproducts.com\/wp-content\/uploads\/2020\/06\/greengo-100-procent-non-gmo.svg\" alt=\"\" width=\"70\" height=\"70\" \/><img decoding=\"async\" class=\"alignnone size-medium wp-image-3791\" src=\"https:\/\/greengoproducts.com\/wp-content\/uploads\/2020\/06\/greengo-100-procent-unrefined.svg\" alt=\"\" width=\"70\" height=\"70\" \/><img decoding=\"async\" class=\"alignnone size-medium wp-image-3791\" src=\"https:\/\/greengoproducts.com\/wp-content\/uploads\/2020\/06\/greengo-recycled-paper.svg\" alt=\"\" width=\"70\" height=\"70\" \/><\/p>\n<div class=\"gdlr-core-button-item gdlr-core-item-pdlr gdlr-core-item-pdb gdlr-core-left-align\"><a class=\"gdlr-core-button gdlr-core-button-solid gdlr-core-left-align gdlr-core-button-with-border\" style=\"font-size: 13px; font-weight: 600; letter-spacing: 1px; color: #ffffff; padding: 12px 30px 13px 30px; text-transform: uppercase; border-width: 2px; border-color: #f09a52;\" href=\"https:\/\/greengoproducts.com\/es\/punto-de-venta\/\" target=\"_blank\" rel=\"noopener noreferrer\"><span class=\"gdlr-core-content\">Comprar en linea<\/span><\/a><\/div>\n","protected":false},"featured_media":3604,"template":"","meta":{"content-type":""},"product_brand":[],"product_cat":[389],"product_tag":[390,387,368,393,371,375],"class_list":{"0":"post-5420","1":"product","2":"type-product","3":"status-publish","4":"has-post-thumbnail","6":"product_cat-papeles-de-liar","7":"product_tag-1-1-4-es","8":"product_tag-fsc-es","9":"product_tag-ongebleekt-es","10":"product_tag-rolling-paper-es","11":"product_tag-unbleached-es","12":"product_tag-vloei-es","14":"first","15":"instock","16":"featured","17":"shipping-taxable","18":"product-type-simple"},"yoast_head":"<!-- This site is optimized with the Yoast SEO plugin v26.9 - https:\/\/yoast.com\/product\/yoast-seo-wordpress\/ -->\n<title>300 Papeles de liar 1 1\/4 - Greengo<\/title>\n<meta name=\"robots\" content=\"index, follow, max-snippet:-1, max-image-preview:large, max-video-preview:-1\" \/>\n<link rel=\"canonical\" href=\"https:\/\/greengoproducts.com\/es\/product\/300-papeles-de-liar-1-1-4\/\" \/>\n<meta property=\"og:locale\" content=\"es_ES\" \/>\n<meta property=\"og:type\" content=\"article\" \/>\n<meta property=\"og:title\" content=\"300 Papeles de liar 1 1\/4 - Greengo\" \/>\n<meta property=\"og:description\" content=\"Papeles de liar para amantes del tama\u00f1o mediano. Los papeles Greengo 1 \u00bc son un poco m\u00e1s largos que los papeles para fumar tabaco y son muy populares en Espa\u00f1a y Estados Unidos.\u00a0Los papeles de liar en nuestro paquete de 300 se amoldean perfectamente en cada librillo. Esto asegura una experiencia suave y sin pliegues al momento de enrollar.\u00a0Como es de esperar de Greengo, los papeles de liar son 100% naturales y sin blanquear. El empaque de papel est\u00e1 aprobado por FSC. El borde adhesivo est\u00e1 hecho 100% de goma ar\u00e1biga, la mejor y m\u00e1s natural forma de pegar tus papelillos.  Especificaciones:   Dimensiones de los papeles de liar: 78 x 44 mm (1 \u00bc\u00a0 mediano)  Espesor de los papeles de liar: 14 gr \/ m2  Librillos por caja: 40  N\u00famero de papeles por librillo: 300   Comprar en linea\" \/>\n<meta property=\"og:url\" content=\"https:\/\/greengoproducts.com\/es\/product\/300-papeles-de-liar-1-1-4\/\" \/>\n<meta property=\"og:site_name\" content=\"Greengo\" \/>\n<meta property=\"article:modified_time\" content=\"2021-02-08T10:21:07+00:00\" \/>\n<meta property=\"og:image\" content=\"https:\/\/greengoproducts.com\/wp-content\/uploads\/2020\/06\/514978-1PC_GreengoUnbleached_114_300s.jpg\" \/>\n\t<meta property=\"og:image:width\" content=\"1200\" \/>\n\t<meta property=\"og:image:height\" content=\"1200\" \/>\n\t<meta property=\"og:image:type\" content=\"image\/jpeg\" \/>\n<meta name=\"twitter:card\" content=\"summary_large_image\" \/>\n<script type=\"application\/ld+json\" class=\"yoast-schema-graph\">{\"@context\":\"https:\/\/schema.org\",\"@graph\":[{\"@type\":\"WebPage\",\"@id\":\"https:\/\/greengoproducts.com\/es\/product\/300-papeles-de-liar-1-1-4\/\",\"url\":\"https:\/\/greengoproducts.com\/es\/product\/300-papeles-de-liar-1-1-4\/\",\"name\":\"300 Papeles de liar 1 1\/4 - Greengo\",\"isPartOf\":{\"@id\":\"https:\/\/greengoproducts.com\/en_CA\/#website\"},\"primaryImageOfPage\":{\"@id\":\"https:\/\/greengoproducts.com\/es\/product\/300-papeles-de-liar-1-1-4\/#primaryimage\"},\"image\":{\"@id\":\"https:\/\/greengoproducts.com\/es\/product\/300-papeles-de-liar-1-1-4\/#primaryimage\"},\"thumbnailUrl\":\"https:\/\/greengoproducts.com\/wp-content\/uploads\/2020\/06\/514978-1PC_GreengoUnbleached_114_300s.jpg\",\"datePublished\":\"2020-06-25T12:48:01+00:00\",\"dateModified\":\"2021-02-08T10:21:07+00:00\",\"breadcrumb\":{\"@id\":\"https:\/\/greengoproducts.com\/es\/product\/300-papeles-de-liar-1-1-4\/#breadcrumb\"},\"inLanguage\":\"es\",\"potentialAction\":[{\"@type\":\"ReadAction\",\"target\":[\"https:\/\/greengoproducts.com\/es\/product\/300-papeles-de-liar-1-1-4\/\"]}]},{\"@type\":\"ImageObject\",\"inLanguage\":\"es\",\"@id\":\"https:\/\/greengoproducts.com\/es\/product\/300-papeles-de-liar-1-1-4\/#primaryimage\",\"url\":\"https:\/\/greengoproducts.com\/wp-content\/uploads\/2020\/06\/514978-1PC_GreengoUnbleached_114_300s.jpg\",\"contentUrl\":\"https:\/\/greengoproducts.com\/wp-content\/uploads\/2020\/06\/514978-1PC_GreengoUnbleached_114_300s.jpg\",\"width\":1200,\"height\":1200},{\"@type\":\"BreadcrumbList\",\"@id\":\"https:\/\/greengoproducts.com\/es\/product\/300-papeles-de-liar-1-1-4\/#breadcrumb\",\"itemListElement\":[{\"@type\":\"ListItem\",\"position\":1,\"name\":\"Home\",\"item\":\"https:\/\/greengoproducts.com\/es\/\"},{\"@type\":\"ListItem\",\"position\":2,\"name\":\"Producten\",\"item\":\"https:\/\/greengoproducts.com\/nl\/shop\/\"},{\"@type\":\"ListItem\",\"position\":3,\"name\":\"300 Papeles de liar 1 1\/4\"}]},{\"@type\":\"WebSite\",\"@id\":\"https:\/\/greengoproducts.com\/en_CA\/#website\",\"url\":\"https:\/\/greengoproducts.com\/en_CA\/\",\"name\":\"Greengo\",\"description\":\"100% pure and natural smoking gear\",\"potentialAction\":[{\"@type\":\"SearchAction\",\"target\":{\"@type\":\"EntryPoint\",\"urlTemplate\":\"https:\/\/greengoproducts.com\/en_CA\/?s={search_term_string}\"},\"query-input\":{\"@type\":\"PropertyValueSpecification\",\"valueRequired\":true,\"valueName\":\"search_term_string\"}}],\"inLanguage\":\"es\"}]}<\/script>\n<!-- \/ Yoast SEO plugin. -->","yoast_head_json":{"title":"300 Papeles de liar 1 1\/4 - Greengo","robots":{"index":"index","follow":"follow","max-snippet":"max-snippet:-1","max-image-preview":"max-image-preview:large","max-video-preview":"max-video-preview:-1"},"canonical":"https:\/\/greengoproducts.com\/es\/product\/300-papeles-de-liar-1-1-4\/","og_locale":"es_ES","og_type":"article","og_title":"300 Papeles de liar 1 1\/4 - Greengo","og_description":"Papeles de liar para amantes del tama\u00f1o mediano. Los papeles Greengo 1 \u00bc son un poco m\u00e1s largos que los papeles para fumar tabaco y son muy populares en Espa\u00f1a y Estados Unidos.\u00a0Los papeles de liar en nuestro paquete de 300 se amoldean perfectamente en cada librillo. Esto asegura una experiencia suave y sin pliegues al momento de enrollar.\u00a0Como es de esperar de Greengo, los papeles de liar son 100% naturales y sin blanquear. El empaque de papel est\u00e1 aprobado por FSC. El borde adhesivo est\u00e1 hecho 100% de goma ar\u00e1biga, la mejor y m\u00e1s natural forma de pegar tus papelillos.  Especificaciones:   Dimensiones de los papeles de liar: 78 x 44 mm (1 \u00bc\u00a0 mediano)  Espesor de los papeles de liar: 14 gr \/ m2  Librillos por caja: 40  N\u00famero de papeles por librillo: 300   Comprar en linea","og_url":"https:\/\/greengoproducts.com\/es\/product\/300-papeles-de-liar-1-1-4\/","og_site_name":"Greengo","article_modified_time":"2021-02-08T10:21:07+00:00","og_image":[{"width":1200,"height":1200,"url":"https:\/\/greengoproducts.com\/wp-content\/uploads\/2020\/06\/514978-1PC_GreengoUnbleached_114_300s.jpg","type":"image\/jpeg"}],"twitter_card":"summary_large_image","schema":{"@context":"https:\/\/schema.org","@graph":[{"@type":"WebPage","@id":"https:\/\/greengoproducts.com\/es\/product\/300-papeles-de-liar-1-1-4\/","url":"https:\/\/greengoproducts.com\/es\/product\/300-papeles-de-liar-1-1-4\/","name":"300 Papeles de liar 1 1\/4 - Greengo","isPartOf":{"@id":"https:\/\/greengoproducts.com\/en_CA\/#website"},"primaryImageOfPage":{"@id":"https:\/\/greengoproducts.com\/es\/product\/300-papeles-de-liar-1-1-4\/#primaryimage"},"image":{"@id":"https:\/\/greengoproducts.com\/es\/product\/300-papeles-de-liar-1-1-4\/#primaryimage"},"thumbnailUrl":"https:\/\/greengoproducts.com\/wp-content\/uploads\/2020\/06\/514978-1PC_GreengoUnbleached_114_300s.jpg","datePublished":"2020-06-25T12:48:01+00:00","dateModified":"2021-02-08T10:21:07+00:00","breadcrumb":{"@id":"https:\/\/greengoproducts.com\/es\/product\/300-papeles-de-liar-1-1-4\/#breadcrumb"},"inLanguage":"es","potentialAction":[{"@type":"ReadAction","target":["https:\/\/greengoproducts.com\/es\/product\/300-papeles-de-liar-1-1-4\/"]}]},{"@type":"ImageObject","inLanguage":"es","@id":"https:\/\/greengoproducts.com\/es\/product\/300-papeles-de-liar-1-1-4\/#primaryimage","url":"https:\/\/greengoproducts.com\/wp-content\/uploads\/2020\/06\/514978-1PC_GreengoUnbleached_114_300s.jpg","contentUrl":"https:\/\/greengoproducts.com\/wp-content\/uploads\/2020\/06\/514978-1PC_GreengoUnbleached_114_300s.jpg","width":1200,"height":1200},{"@type":"BreadcrumbList","@id":"https:\/\/greengoproducts.com\/es\/product\/300-papeles-de-liar-1-1-4\/#breadcrumb","itemListElement":[{"@type":"ListItem","position":1,"name":"Home","item":"https:\/\/greengoproducts.com\/es\/"},{"@type":"ListItem","position":2,"name":"Producten","item":"https:\/\/greengoproducts.com\/nl\/shop\/"},{"@type":"ListItem","position":3,"name":"300 Papeles de liar 1 1\/4"}]},{"@type":"WebSite","@id":"https:\/\/greengoproducts.com\/en_CA\/#website","url":"https:\/\/greengoproducts.com\/en_CA\/","name":"Greengo","description":"100% pure and natural smoking gear","potentialAction":[{"@type":"SearchAction","target":{"@type":"EntryPoint","urlTemplate":"https:\/\/greengoproducts.com\/en_CA\/?s={search_term_string}"},"query-input":{"@type":"PropertyValueSpecification","valueRequired":true,"valueName":"search_term_string"}}],"inLanguage":"es"}]}},"jetpack_sharing_enabled":true,"_links":{"self":[{"href":"https:\/\/greengoproducts.com\/es\/wp-json\/wp\/v2\/product\/5420","targetHints":{"allow":["GET"]}}],"collection":[{"href":"https:\/\/greengoproducts.com\/es\/wp-json\/wp\/v2\/product"}],"about":[{"href":"https:\/\/greengoproducts.com\/es\/wp-json\/wp\/v2\/types\/product"}],"wp:featuredmedia":[{"embeddable":true,"href":"https:\/\/greengoproducts.com\/es\/wp-json\/wp\/v2\/media\/3604"}],"wp:attachment":[{"href":"https:\/\/greengoproducts.com\/es\/wp-json\/wp\/v2\/media?parent=5420"}],"wp:term":[{"taxonomy":"product_brand","embeddable":true,"href":"https:\/\/greengoproducts.com\/es\/wp-json\/wp\/v2\/product_brand?post=5420"},{"taxonomy":"product_cat","embeddable":true,"href":"https:\/\/greengoproducts.com\/es\/wp-json\/wp\/v2\/product_cat?post=5420"},{"taxonomy":"product_tag","embeddable":true,"href":"https:\/\/greengoproducts.com\/es\/wp-json\/wp\/v2\/product_tag?post=5420"}],"curies":[{"name":"wp","href":"https:\/\/api.w.org\/{rel}","templated":true}]}}