{"id":4987,"date":"2020-06-25T13:08:26","date_gmt":"2020-06-25T13:08:26","guid":{"rendered":"https:\/\/greengoproducts.com\/product\/filter-tips\/"},"modified":"2020-11-11T11:11:46","modified_gmt":"2020-11-11T10:11:46","slug":"embouts-filtres","status":"publish","type":"product","link":"https:\/\/greengoproducts.com\/fr\/product\/embouts-filtres\/","title":{"rendered":"Embouts filtres"},"content":{"rendered":"","protected":false},"excerpt":{"rendered":"<p>Les embouts sont fabriqu\u00e9s de mat\u00e9riaux 100% recycl\u00e9s et non blanchis. Non seulement l\u2019environnement s\u2019en trouve mieux prot\u00e9g\u00e9 mais ces embouts sont \u00e9galement plus avantageux pour votre sant\u00e9. Les embouts sont exceptionnellement faciles d\u2019emploi et vous \u00eates assur\u00e9s d\u2019un produit ne contenant aucune substance nocive. Aucune crainte avec Greengo, laissez les bons temps rouler !!!<\/p>\n<p><strong>Sp\u00e9cifications :<\/strong><br \/>\nDimensions des embouts filtres : 60 x 20 mm<br \/>\n\u00c9paisseur : 140 gr\/m2<br \/>\nNombre d\u2019embouts : 50<br \/>\nNombre de livrets : 50<\/p>\n<p><img decoding=\"async\" class=\"alignnone size-medium wp-image-3791\" src=\"https:\/\/greengoproducts.com\/wp-content\/uploads\/2020\/06\/greengo-recycled-paper.svg\" alt=\"\" width=\"70\" height=\"70\" \/><img decoding=\"async\" class=\"alignnone size-medium wp-image-3791\" src=\"https:\/\/greengoproducts.com\/wp-content\/uploads\/2020\/06\/greengo-100-procent-unbleached.svg\" alt=\"\" width=\"70\" height=\"70\" \/><img decoding=\"async\" class=\"alignnone size-medium wp-image-3791\" src=\"https:\/\/greengoproducts.com\/wp-content\/uploads\/2020\/06\/greengo-chemical-free.svg\" alt=\"\" width=\"70\" height=\"70\" \/><img decoding=\"async\" class=\"alignnone size-medium wp-image-3791\" src=\"https:\/\/greengoproducts.com\/wp-content\/uploads\/2020\/06\/greengo-100-procent-non-gmo.svg\" alt=\"\" width=\"70\" height=\"70\" \/><img decoding=\"async\" class=\"alignnone size-medium wp-image-3791\" src=\"https:\/\/greengoproducts.com\/wp-content\/uploads\/2020\/06\/greengo-100-procent-unrefined.svg\" alt=\"\" width=\"70\" height=\"70\" \/><\/p>\n<div class=\"gdlr-core-button-item gdlr-core-item-pdlr gdlr-core-item-pdb gdlr-core-left-align\"><a class=\"gdlr-core-button gdlr-core-button-solid gdlr-core-left-align gdlr-core-button-with-border\" style=\"font-size: 13px; font-weight: 600; letter-spacing: 1px; color: #ffffff; padding: 12px 30px 13px 30px; text-transform: uppercase; border-width: 2px; border-color: #f09a52;\" href=\"https:\/\/greengoproducts.com\/fr\/points-de-vente\/\" target=\"_blank\" rel=\"noopener noreferrer\"><span class=\"gdlr-core-content\">Acheter en ligne<\/span><\/a><\/div>\n","protected":false},"featured_media":4421,"template":"","meta":{"content-type":""},"product_brand":[],"product_cat":[176],"product_tag":[297,289,286,270],"class_list":{"0":"post-4987","1":"product","2":"type-product","3":"status-publish","4":"has-post-thumbnail","6":"product_cat-conseils-de-filtre-fr","7":"product_tag-filter-tips-fr","8":"product_tag-fsc-fr","9":"product_tag-ongebleekt-fr","10":"product_tag-unbleached-fr","12":"first","13":"instock","14":"shipping-taxable","15":"product-type-simple"},"yoast_head":"<!-- This site is optimized with the Yoast SEO plugin v26.9 - https:\/\/yoast.com\/product\/yoast-seo-wordpress\/ -->\n<title>Embouts filtres - Greengo<\/title>\n<meta name=\"robots\" content=\"index, follow, max-snippet:-1, max-image-preview:large, max-video-preview:-1\" \/>\n<link rel=\"canonical\" href=\"https:\/\/greengoproducts.com\/fr\/product\/embouts-filtres\/\" \/>\n<meta property=\"og:locale\" content=\"fr_FR\" \/>\n<meta property=\"og:type\" content=\"article\" \/>\n<meta property=\"og:title\" content=\"Embouts filtres - Greengo\" \/>\n<meta property=\"og:description\" content=\"Les embouts sont fabriqu\u00e9s de mat\u00e9riaux 100% recycl\u00e9s et non blanchis. Non seulement l\u2019environnement s\u2019en trouve mieux prot\u00e9g\u00e9 mais ces embouts sont \u00e9galement plus avantageux pour votre sant\u00e9. Les embouts sont exceptionnellement faciles d\u2019emploi et vous \u00eates assur\u00e9s d\u2019un produit ne contenant aucune substance nocive. Aucune crainte avec Greengo, laissez les bons temps rouler !!!  Sp\u00e9cifications : Dimensions des embouts filtres : 60 x 20 mm \u00c9paisseur : 140 gr\/m2 Nombre d\u2019embouts : 50 Nombre de livrets : 50   Acheter en ligne\" \/>\n<meta property=\"og:url\" content=\"https:\/\/greengoproducts.com\/fr\/product\/embouts-filtres\/\" \/>\n<meta property=\"og:site_name\" content=\"Greengo\" \/>\n<meta property=\"article:modified_time\" content=\"2020-11-11T10:11:46+00:00\" \/>\n<meta property=\"og:image\" content=\"https:\/\/greengoproducts.com\/wp-content\/uploads\/2020\/06\/514962-1pc_Greengo-Unbleached-Filter-Tips-1-Booklet_3DMOCKUP.jpg\" \/>\n\t<meta property=\"og:image:width\" content=\"1200\" \/>\n\t<meta property=\"og:image:height\" content=\"1200\" \/>\n\t<meta property=\"og:image:type\" content=\"image\/jpeg\" \/>\n<meta name=\"twitter:card\" content=\"summary_large_image\" \/>\n<script type=\"application\/ld+json\" class=\"yoast-schema-graph\">{\"@context\":\"https:\/\/schema.org\",\"@graph\":[{\"@type\":\"WebPage\",\"@id\":\"https:\/\/greengoproducts.com\/fr\/product\/embouts-filtres\/\",\"url\":\"https:\/\/greengoproducts.com\/fr\/product\/embouts-filtres\/\",\"name\":\"Embouts filtres - Greengo\",\"isPartOf\":{\"@id\":\"https:\/\/greengoproducts.com\/en_CA\/#website\"},\"primaryImageOfPage\":{\"@id\":\"https:\/\/greengoproducts.com\/fr\/product\/embouts-filtres\/#primaryimage\"},\"image\":{\"@id\":\"https:\/\/greengoproducts.com\/fr\/product\/embouts-filtres\/#primaryimage\"},\"thumbnailUrl\":\"https:\/\/greengoproducts.com\/wp-content\/uploads\/2020\/06\/514962-1pc_Greengo-Unbleached-Filter-Tips-1-Booklet_3DMOCKUP.jpg\",\"datePublished\":\"2020-06-25T13:08:26+00:00\",\"dateModified\":\"2020-11-11T10:11:46+00:00\",\"breadcrumb\":{\"@id\":\"https:\/\/greengoproducts.com\/fr\/product\/embouts-filtres\/#breadcrumb\"},\"inLanguage\":\"fr-FR\",\"potentialAction\":[{\"@type\":\"ReadAction\",\"target\":[\"https:\/\/greengoproducts.com\/fr\/product\/embouts-filtres\/\"]}]},{\"@type\":\"ImageObject\",\"inLanguage\":\"fr-FR\",\"@id\":\"https:\/\/greengoproducts.com\/fr\/product\/embouts-filtres\/#primaryimage\",\"url\":\"https:\/\/greengoproducts.com\/wp-content\/uploads\/2020\/06\/514962-1pc_Greengo-Unbleached-Filter-Tips-1-Booklet_3DMOCKUP.jpg\",\"contentUrl\":\"https:\/\/greengoproducts.com\/wp-content\/uploads\/2020\/06\/514962-1pc_Greengo-Unbleached-Filter-Tips-1-Booklet_3DMOCKUP.jpg\",\"width\":1200,\"height\":1200},{\"@type\":\"BreadcrumbList\",\"@id\":\"https:\/\/greengoproducts.com\/fr\/product\/embouts-filtres\/#breadcrumb\",\"itemListElement\":[{\"@type\":\"ListItem\",\"position\":1,\"name\":\"Home\",\"item\":\"https:\/\/greengoproducts.com\/fr\/\"},{\"@type\":\"ListItem\",\"position\":2,\"name\":\"Producten\",\"item\":\"https:\/\/greengoproducts.com\/nl\/shop\/\"},{\"@type\":\"ListItem\",\"position\":3,\"name\":\"Embouts filtres\"}]},{\"@type\":\"WebSite\",\"@id\":\"https:\/\/greengoproducts.com\/en_CA\/#website\",\"url\":\"https:\/\/greengoproducts.com\/en_CA\/\",\"name\":\"Greengo\",\"description\":\"100% pure and natural smoking gear\",\"potentialAction\":[{\"@type\":\"SearchAction\",\"target\":{\"@type\":\"EntryPoint\",\"urlTemplate\":\"https:\/\/greengoproducts.com\/en_CA\/?s={search_term_string}\"},\"query-input\":{\"@type\":\"PropertyValueSpecification\",\"valueRequired\":true,\"valueName\":\"search_term_string\"}}],\"inLanguage\":\"fr-FR\"}]}<\/script>\n<!-- \/ Yoast SEO plugin. -->","yoast_head_json":{"title":"Embouts filtres - Greengo","robots":{"index":"index","follow":"follow","max-snippet":"max-snippet:-1","max-image-preview":"max-image-preview:large","max-video-preview":"max-video-preview:-1"},"canonical":"https:\/\/greengoproducts.com\/fr\/product\/embouts-filtres\/","og_locale":"fr_FR","og_type":"article","og_title":"Embouts filtres - Greengo","og_description":"Les embouts sont fabriqu\u00e9s de mat\u00e9riaux 100% recycl\u00e9s et non blanchis. Non seulement l\u2019environnement s\u2019en trouve mieux prot\u00e9g\u00e9 mais ces embouts sont \u00e9galement plus avantageux pour votre sant\u00e9. Les embouts sont exceptionnellement faciles d\u2019emploi et vous \u00eates assur\u00e9s d\u2019un produit ne contenant aucune substance nocive. Aucune crainte avec Greengo, laissez les bons temps rouler !!!  Sp\u00e9cifications : Dimensions des embouts filtres : 60 x 20 mm \u00c9paisseur : 140 gr\/m2 Nombre d\u2019embouts : 50 Nombre de livrets : 50   Acheter en ligne","og_url":"https:\/\/greengoproducts.com\/fr\/product\/embouts-filtres\/","og_site_name":"Greengo","article_modified_time":"2020-11-11T10:11:46+00:00","og_image":[{"width":1200,"height":1200,"url":"https:\/\/greengoproducts.com\/wp-content\/uploads\/2020\/06\/514962-1pc_Greengo-Unbleached-Filter-Tips-1-Booklet_3DMOCKUP.jpg","type":"image\/jpeg"}],"twitter_card":"summary_large_image","schema":{"@context":"https:\/\/schema.org","@graph":[{"@type":"WebPage","@id":"https:\/\/greengoproducts.com\/fr\/product\/embouts-filtres\/","url":"https:\/\/greengoproducts.com\/fr\/product\/embouts-filtres\/","name":"Embouts filtres - Greengo","isPartOf":{"@id":"https:\/\/greengoproducts.com\/en_CA\/#website"},"primaryImageOfPage":{"@id":"https:\/\/greengoproducts.com\/fr\/product\/embouts-filtres\/#primaryimage"},"image":{"@id":"https:\/\/greengoproducts.com\/fr\/product\/embouts-filtres\/#primaryimage"},"thumbnailUrl":"https:\/\/greengoproducts.com\/wp-content\/uploads\/2020\/06\/514962-1pc_Greengo-Unbleached-Filter-Tips-1-Booklet_3DMOCKUP.jpg","datePublished":"2020-06-25T13:08:26+00:00","dateModified":"2020-11-11T10:11:46+00:00","breadcrumb":{"@id":"https:\/\/greengoproducts.com\/fr\/product\/embouts-filtres\/#breadcrumb"},"inLanguage":"fr-FR","potentialAction":[{"@type":"ReadAction","target":["https:\/\/greengoproducts.com\/fr\/product\/embouts-filtres\/"]}]},{"@type":"ImageObject","inLanguage":"fr-FR","@id":"https:\/\/greengoproducts.com\/fr\/product\/embouts-filtres\/#primaryimage","url":"https:\/\/greengoproducts.com\/wp-content\/uploads\/2020\/06\/514962-1pc_Greengo-Unbleached-Filter-Tips-1-Booklet_3DMOCKUP.jpg","contentUrl":"https:\/\/greengoproducts.com\/wp-content\/uploads\/2020\/06\/514962-1pc_Greengo-Unbleached-Filter-Tips-1-Booklet_3DMOCKUP.jpg","width":1200,"height":1200},{"@type":"BreadcrumbList","@id":"https:\/\/greengoproducts.com\/fr\/product\/embouts-filtres\/#breadcrumb","itemListElement":[{"@type":"ListItem","position":1,"name":"Home","item":"https:\/\/greengoproducts.com\/fr\/"},{"@type":"ListItem","position":2,"name":"Producten","item":"https:\/\/greengoproducts.com\/nl\/shop\/"},{"@type":"ListItem","position":3,"name":"Embouts filtres"}]},{"@type":"WebSite","@id":"https:\/\/greengoproducts.com\/en_CA\/#website","url":"https:\/\/greengoproducts.com\/en_CA\/","name":"Greengo","description":"100% pure and natural smoking gear","potentialAction":[{"@type":"SearchAction","target":{"@type":"EntryPoint","urlTemplate":"https:\/\/greengoproducts.com\/en_CA\/?s={search_term_string}"},"query-input":{"@type":"PropertyValueSpecification","valueRequired":true,"valueName":"search_term_string"}}],"inLanguage":"fr-FR"}]}},"jetpack_sharing_enabled":true,"_links":{"self":[{"href":"https:\/\/greengoproducts.com\/fr\/wp-json\/wp\/v2\/product\/4987","targetHints":{"allow":["GET"]}}],"collection":[{"href":"https:\/\/greengoproducts.com\/fr\/wp-json\/wp\/v2\/product"}],"about":[{"href":"https:\/\/greengoproducts.com\/fr\/wp-json\/wp\/v2\/types\/product"}],"wp:featuredmedia":[{"embeddable":true,"href":"https:\/\/greengoproducts.com\/fr\/wp-json\/wp\/v2\/media\/4421"}],"wp:attachment":[{"href":"https:\/\/greengoproducts.com\/fr\/wp-json\/wp\/v2\/media?parent=4987"}],"wp:term":[{"taxonomy":"product_brand","embeddable":true,"href":"https:\/\/greengoproducts.com\/fr\/wp-json\/wp\/v2\/product_brand?post=4987"},{"taxonomy":"product_cat","embeddable":true,"href":"https:\/\/greengoproducts.com\/fr\/wp-json\/wp\/v2\/product_cat?post=4987"},{"taxonomy":"product_tag","embeddable":true,"href":"https:\/\/greengoproducts.com\/fr\/wp-json\/wp\/v2\/product_tag?post=4987"}],"curies":[{"name":"wp","href":"https:\/\/api.w.org\/{rel}","templated":true}]}}