{"id":7346,"date":"2025-01-10T02:31:14","date_gmt":"2025-01-10T01:31:14","guid":{"rendered":"https:\/\/greengoproducts.com\/?post_type=product&#038;p=7346"},"modified":"2025-01-10T02:31:14","modified_gmt":"2025-01-10T01:31:14","slug":"party-size-140-26-mm-cones-700-pcs","status":"publish","type":"product","link":"https:\/\/greengoproducts.com\/fr\/product\/party-size-140-26-mm-cones-700-pcs\/","title":{"rendered":"Party Size 140\/26 mm Cones 700 Pcs"},"content":{"rendered":"","protected":false},"excerpt":{"rendered":"<p>Les c\u00f4nes Greengo sont non blanchis, sans produits chimiques, fabriqu\u00e9s \u00e0 partir de papier certifi\u00e9 FSC et sont \u00e9galement enti\u00e8rement biod\u00e9gradables. La qualit\u00e9 des c\u00f4nes est excellente et le filigrane reconnaissable garantit une combustion uniforme. Tout cela garantit que vous vivrez une exp\u00e9rience de fumage optimale et pure. Au sens propre comme au sens figur\u00e9, sans aucun arri\u00e8re-go\u00fbt.<\/p>\n<p>Vous souhaitez acheter des c\u00f4nes Greengo King Size en gros et \u00e9conomiser \u00e0 long terme ? Alors cette variante d&#8217;une bo\u00eete de 700 manchons est faite pour vous ! Il s&#8217;agit du plus grand c\u00f4ne de Greengo : pas moins de 140 mm de long ! C&#8217;est 30 millim\u00e8tres de plus qu&#8217;un c\u00f4ne king size.<\/p>\n<h3>Caract\u00e9ristiques<\/h3>\n<ul>\n<li>Taille : Taille du groupe<\/li>\n<li>Longueur du c\u00f4ne : 140 mm<\/li>\n<li>Longueur de la pointe du filtre : 26 mm<\/li>\n<li>Mat\u00e9riau : p\u00e2te \u00e0 papier certifi\u00e9e FSC, non blanchie<\/li>\n<li>Nombre de c\u00f4nes par paquet : 700 pi\u00e8ces<\/li>\n<\/ul>\n<p><img decoding=\"async\" class=\"alignnone size-medium wp-image-3791\" src=\"https:\/\/greengoproducts.com\/wp-content\/uploads\/2020\/06\/greengo-100-procent-unbleached.svg\" alt=\"\" width=\"70\" height=\"70\" \/><img decoding=\"async\" class=\"alignnone size-medium wp-image-3791\" src=\"https:\/\/greengoproducts.com\/wp-content\/uploads\/2020\/06\/greengo-fsc.svg\" alt=\"\" width=\"70\" height=\"70\" \/><img decoding=\"async\" class=\"alignnone size-medium wp-image-3791\" src=\"https:\/\/greengoproducts.com\/wp-content\/uploads\/2020\/06\/greengo-chemical-free.svg\" alt=\"\" width=\"70\" height=\"70\" \/><img decoding=\"async\" class=\"alignnone size-medium wp-image-3791\" src=\"https:\/\/greengoproducts.com\/wp-content\/uploads\/2020\/06\/greengo-100-procent-arabic-gum.svg\" alt=\"\" width=\"70\" height=\"70\" \/><img decoding=\"async\" class=\"alignnone size-medium wp-image-3791\" src=\"https:\/\/greengoproducts.com\/wp-content\/uploads\/2020\/06\/greengo-100-procent-non-gmo.svg\" alt=\"\" width=\"70\" height=\"70\" \/><img decoding=\"async\" class=\"alignnone size-medium wp-image-3791\" src=\"https:\/\/greengoproducts.com\/wp-content\/uploads\/2020\/06\/greengo-100-procent-unrefined.svg\" alt=\"\" width=\"70\" height=\"70\" \/><\/p>\n<div class=\"gdlr-core-button-item gdlr-core-item-pdlr gdlr-core-item-pdb gdlr-core-left-align\"><a class=\"gdlr-core-button gdlr-core-button-solid gdlr-core-left-align gdlr-core-button-with-border\" style=\"font-size: 13px; font-weight: 600; letter-spacing: 1px; color: #ffffff; padding: 12px 30px 13px 30px; text-transform: uppercase; border-width: 2px; border-color: #f09a52;\" href=\"https:\/\/greengoproducts.com\/point-of-sale\/\" target=\"_blank\" rel=\"noopener noreferrer\"><span class=\"gdlr-core-content\">Buy Online<\/span><\/a><\/div>\n","protected":false},"featured_media":7342,"template":"","meta":{"content-type":""},"product_brand":[],"product_cat":[175],"product_tag":[],"class_list":{"0":"post-7346","1":"product","2":"type-product","3":"status-publish","4":"has-post-thumbnail","6":"product_cat-cones-fr","8":"first","9":"instock","10":"shipping-taxable","11":"product-type-simple"},"yoast_head":"<!-- This site is optimized with the Yoast SEO plugin v26.9 - https:\/\/yoast.com\/product\/yoast-seo-wordpress\/ -->\n<title>Party Size 140\/26 mm Cones 700 Pcs - Greengo<\/title>\n<meta name=\"robots\" content=\"index, follow, max-snippet:-1, max-image-preview:large, max-video-preview:-1\" \/>\n<link rel=\"canonical\" href=\"https:\/\/greengoproducts.com\/fr\/product\/party-size-140-26-mm-cones-700-pcs\/\" \/>\n<meta property=\"og:locale\" content=\"fr_FR\" \/>\n<meta property=\"og:type\" content=\"article\" \/>\n<meta property=\"og:title\" content=\"Party Size 140\/26 mm Cones 700 Pcs - Greengo\" \/>\n<meta property=\"og:description\" content=\"Les c\u00f4nes Greengo sont non blanchis, sans produits chimiques, fabriqu\u00e9s \u00e0 partir de papier certifi\u00e9 FSC et sont \u00e9galement enti\u00e8rement biod\u00e9gradables. La qualit\u00e9 des c\u00f4nes est excellente et le filigrane reconnaissable garantit une combustion uniforme. Tout cela garantit que vous vivrez une exp\u00e9rience de fumage optimale et pure. Au sens propre comme au sens figur\u00e9, sans aucun arri\u00e8re-go\u00fbt.  Vous souhaitez acheter des c\u00f4nes Greengo King Size en gros et \u00e9conomiser \u00e0 long terme ? Alors cette variante d&#039;une bo\u00eete de 700 manchons est faite pour vous ! Il s&#039;agit du plus grand c\u00f4ne de Greengo : pas moins de 140 mm de long ! C&#039;est 30 millim\u00e8tres de plus qu&#039;un c\u00f4ne king size. Caract\u00e9ristiques   Taille : Taille du groupe  Longueur du c\u00f4ne : 140 mm  Longueur de la pointe du filtre : 26 mm  Mat\u00e9riau : p\u00e2te \u00e0 papier certifi\u00e9e FSC, non blanchie  Nombre de c\u00f4nes par paquet : 700 pi\u00e8ces   Buy Online\" \/>\n<meta property=\"og:url\" content=\"https:\/\/greengoproducts.com\/fr\/product\/party-size-140-26-mm-cones-700-pcs\/\" \/>\n<meta property=\"og:site_name\" content=\"Greengo\" \/>\n<meta property=\"og:image\" content=\"https:\/\/greengoproducts.com\/wp-content\/uploads\/2025\/01\/529508_0_1.jpg\" \/>\n\t<meta property=\"og:image:width\" content=\"1400\" \/>\n\t<meta property=\"og:image:height\" content=\"1400\" \/>\n\t<meta property=\"og:image:type\" content=\"image\/jpeg\" \/>\n<meta name=\"twitter:card\" content=\"summary_large_image\" \/>\n<script type=\"application\/ld+json\" class=\"yoast-schema-graph\">{\"@context\":\"https:\/\/schema.org\",\"@graph\":[{\"@type\":\"WebPage\",\"@id\":\"https:\/\/greengoproducts.com\/fr\/product\/party-size-140-26-mm-cones-700-pcs\/\",\"url\":\"https:\/\/greengoproducts.com\/fr\/product\/party-size-140-26-mm-cones-700-pcs\/\",\"name\":\"Party Size 140\/26 mm Cones 700 Pcs - Greengo\",\"isPartOf\":{\"@id\":\"https:\/\/greengoproducts.com\/en_CA\/#website\"},\"primaryImageOfPage\":{\"@id\":\"https:\/\/greengoproducts.com\/fr\/product\/party-size-140-26-mm-cones-700-pcs\/#primaryimage\"},\"image\":{\"@id\":\"https:\/\/greengoproducts.com\/fr\/product\/party-size-140-26-mm-cones-700-pcs\/#primaryimage\"},\"thumbnailUrl\":\"https:\/\/greengoproducts.com\/wp-content\/uploads\/2025\/01\/529508_0_1.jpg\",\"datePublished\":\"2025-01-10T01:31:14+00:00\",\"breadcrumb\":{\"@id\":\"https:\/\/greengoproducts.com\/fr\/product\/party-size-140-26-mm-cones-700-pcs\/#breadcrumb\"},\"inLanguage\":\"fr-FR\",\"potentialAction\":[{\"@type\":\"ReadAction\",\"target\":[\"https:\/\/greengoproducts.com\/fr\/product\/party-size-140-26-mm-cones-700-pcs\/\"]}]},{\"@type\":\"ImageObject\",\"inLanguage\":\"fr-FR\",\"@id\":\"https:\/\/greengoproducts.com\/fr\/product\/party-size-140-26-mm-cones-700-pcs\/#primaryimage\",\"url\":\"https:\/\/greengoproducts.com\/wp-content\/uploads\/2025\/01\/529508_0_1.jpg\",\"contentUrl\":\"https:\/\/greengoproducts.com\/wp-content\/uploads\/2025\/01\/529508_0_1.jpg\",\"width\":1400,\"height\":1400},{\"@type\":\"BreadcrumbList\",\"@id\":\"https:\/\/greengoproducts.com\/fr\/product\/party-size-140-26-mm-cones-700-pcs\/#breadcrumb\",\"itemListElement\":[{\"@type\":\"ListItem\",\"position\":1,\"name\":\"Home\",\"item\":\"https:\/\/greengoproducts.com\/fr\/\"},{\"@type\":\"ListItem\",\"position\":2,\"name\":\"Producten\",\"item\":\"https:\/\/greengoproducts.com\/nl\/shop\/\"},{\"@type\":\"ListItem\",\"position\":3,\"name\":\"Party Size 140\/26 mm Cones 700 Pcs\"}]},{\"@type\":\"WebSite\",\"@id\":\"https:\/\/greengoproducts.com\/en_CA\/#website\",\"url\":\"https:\/\/greengoproducts.com\/en_CA\/\",\"name\":\"Greengo\",\"description\":\"100% pure and natural smoking gear\",\"potentialAction\":[{\"@type\":\"SearchAction\",\"target\":{\"@type\":\"EntryPoint\",\"urlTemplate\":\"https:\/\/greengoproducts.com\/en_CA\/?s={search_term_string}\"},\"query-input\":{\"@type\":\"PropertyValueSpecification\",\"valueRequired\":true,\"valueName\":\"search_term_string\"}}],\"inLanguage\":\"fr-FR\"}]}<\/script>\n<!-- \/ Yoast SEO plugin. -->","yoast_head_json":{"title":"Party Size 140\/26 mm Cones 700 Pcs - Greengo","robots":{"index":"index","follow":"follow","max-snippet":"max-snippet:-1","max-image-preview":"max-image-preview:large","max-video-preview":"max-video-preview:-1"},"canonical":"https:\/\/greengoproducts.com\/fr\/product\/party-size-140-26-mm-cones-700-pcs\/","og_locale":"fr_FR","og_type":"article","og_title":"Party Size 140\/26 mm Cones 700 Pcs - Greengo","og_description":"Les c\u00f4nes Greengo sont non blanchis, sans produits chimiques, fabriqu\u00e9s \u00e0 partir de papier certifi\u00e9 FSC et sont \u00e9galement enti\u00e8rement biod\u00e9gradables. La qualit\u00e9 des c\u00f4nes est excellente et le filigrane reconnaissable garantit une combustion uniforme. Tout cela garantit que vous vivrez une exp\u00e9rience de fumage optimale et pure. Au sens propre comme au sens figur\u00e9, sans aucun arri\u00e8re-go\u00fbt.  Vous souhaitez acheter des c\u00f4nes Greengo King Size en gros et \u00e9conomiser \u00e0 long terme ? Alors cette variante d'une bo\u00eete de 700 manchons est faite pour vous ! Il s'agit du plus grand c\u00f4ne de Greengo : pas moins de 140 mm de long ! C'est 30 millim\u00e8tres de plus qu'un c\u00f4ne king size. Caract\u00e9ristiques   Taille : Taille du groupe  Longueur du c\u00f4ne : 140 mm  Longueur de la pointe du filtre : 26 mm  Mat\u00e9riau : p\u00e2te \u00e0 papier certifi\u00e9e FSC, non blanchie  Nombre de c\u00f4nes par paquet : 700 pi\u00e8ces   Buy Online","og_url":"https:\/\/greengoproducts.com\/fr\/product\/party-size-140-26-mm-cones-700-pcs\/","og_site_name":"Greengo","og_image":[{"width":1400,"height":1400,"url":"https:\/\/greengoproducts.com\/wp-content\/uploads\/2025\/01\/529508_0_1.jpg","type":"image\/jpeg"}],"twitter_card":"summary_large_image","schema":{"@context":"https:\/\/schema.org","@graph":[{"@type":"WebPage","@id":"https:\/\/greengoproducts.com\/fr\/product\/party-size-140-26-mm-cones-700-pcs\/","url":"https:\/\/greengoproducts.com\/fr\/product\/party-size-140-26-mm-cones-700-pcs\/","name":"Party Size 140\/26 mm Cones 700 Pcs - Greengo","isPartOf":{"@id":"https:\/\/greengoproducts.com\/en_CA\/#website"},"primaryImageOfPage":{"@id":"https:\/\/greengoproducts.com\/fr\/product\/party-size-140-26-mm-cones-700-pcs\/#primaryimage"},"image":{"@id":"https:\/\/greengoproducts.com\/fr\/product\/party-size-140-26-mm-cones-700-pcs\/#primaryimage"},"thumbnailUrl":"https:\/\/greengoproducts.com\/wp-content\/uploads\/2025\/01\/529508_0_1.jpg","datePublished":"2025-01-10T01:31:14+00:00","breadcrumb":{"@id":"https:\/\/greengoproducts.com\/fr\/product\/party-size-140-26-mm-cones-700-pcs\/#breadcrumb"},"inLanguage":"fr-FR","potentialAction":[{"@type":"ReadAction","target":["https:\/\/greengoproducts.com\/fr\/product\/party-size-140-26-mm-cones-700-pcs\/"]}]},{"@type":"ImageObject","inLanguage":"fr-FR","@id":"https:\/\/greengoproducts.com\/fr\/product\/party-size-140-26-mm-cones-700-pcs\/#primaryimage","url":"https:\/\/greengoproducts.com\/wp-content\/uploads\/2025\/01\/529508_0_1.jpg","contentUrl":"https:\/\/greengoproducts.com\/wp-content\/uploads\/2025\/01\/529508_0_1.jpg","width":1400,"height":1400},{"@type":"BreadcrumbList","@id":"https:\/\/greengoproducts.com\/fr\/product\/party-size-140-26-mm-cones-700-pcs\/#breadcrumb","itemListElement":[{"@type":"ListItem","position":1,"name":"Home","item":"https:\/\/greengoproducts.com\/fr\/"},{"@type":"ListItem","position":2,"name":"Producten","item":"https:\/\/greengoproducts.com\/nl\/shop\/"},{"@type":"ListItem","position":3,"name":"Party Size 140\/26 mm Cones 700 Pcs"}]},{"@type":"WebSite","@id":"https:\/\/greengoproducts.com\/en_CA\/#website","url":"https:\/\/greengoproducts.com\/en_CA\/","name":"Greengo","description":"100% pure and natural smoking gear","potentialAction":[{"@type":"SearchAction","target":{"@type":"EntryPoint","urlTemplate":"https:\/\/greengoproducts.com\/en_CA\/?s={search_term_string}"},"query-input":{"@type":"PropertyValueSpecification","valueRequired":true,"valueName":"search_term_string"}}],"inLanguage":"fr-FR"}]}},"jetpack_sharing_enabled":true,"_links":{"self":[{"href":"https:\/\/greengoproducts.com\/fr\/wp-json\/wp\/v2\/product\/7346","targetHints":{"allow":["GET"]}}],"collection":[{"href":"https:\/\/greengoproducts.com\/fr\/wp-json\/wp\/v2\/product"}],"about":[{"href":"https:\/\/greengoproducts.com\/fr\/wp-json\/wp\/v2\/types\/product"}],"wp:featuredmedia":[{"embeddable":true,"href":"https:\/\/greengoproducts.com\/fr\/wp-json\/wp\/v2\/media\/7342"}],"wp:attachment":[{"href":"https:\/\/greengoproducts.com\/fr\/wp-json\/wp\/v2\/media?parent=7346"}],"wp:term":[{"taxonomy":"product_brand","embeddable":true,"href":"https:\/\/greengoproducts.com\/fr\/wp-json\/wp\/v2\/product_brand?post=7346"},{"taxonomy":"product_cat","embeddable":true,"href":"https:\/\/greengoproducts.com\/fr\/wp-json\/wp\/v2\/product_cat?post=7346"},{"taxonomy":"product_tag","embeddable":true,"href":"https:\/\/greengoproducts.com\/fr\/wp-json\/wp\/v2\/product_tag?post=7346"}],"curies":[{"name":"wp","href":"https:\/\/api.w.org\/{rel}","templated":true}]}}